{"id":12,"date":"2020-12-15T09:27:30","date_gmt":"2020-12-15T08:27:30","guid":{"rendered":"https:\/\/www.lucieflouret.com\/?page_id=12"},"modified":"2021-03-28T11:47:39","modified_gmt":"2021-03-28T09:47:39","slug":"contact","status":"publish","type":"page","link":"https:\/\/www.lucieflouret.com\/index.php\/contact\/","title":{"rendered":"Contact"},"content":{"rendered":"<p>[et_pb_section fb_built=&#8221;1&#8243; _builder_version=&#8221;4.8.1&#8243; _module_preset=&#8221;default&#8221; custom_padding=&#8221;||4px|||&#8221;][et_pb_row _builder_version=&#8221;4.8.1&#8243; _module_preset=&#8221;default&#8221; custom_padding=&#8221;||0px|||&#8221;][et_pb_column type=&#8221;4_4&#8243; _builder_version=&#8221;4.8.1&#8243; _module_preset=&#8221;default&#8221;][et_pb_text admin_label=&#8221;me contacter&#8221; _builder_version=&#8221;4.9.0&#8243; _module_preset=&#8221;default&#8221; text_font=&#8221;Playfair Display|900|||||||&#8221; text_font_size=&#8221;50px&#8221; header_font=&#8221;Playfair Display|900|||||||&#8221; header_text_align=&#8221;center&#8221; header_text_color=&#8221;#8ad6df&#8221; header_font_size=&#8221;40px&#8221; text_orientation=&#8221;center&#8221; custom_margin=&#8221;-21px||83px|||&#8221; custom_margin_tablet=&#8221;&#8221; custom_margin_phone=&#8221;-41px||83px||false|false&#8221; custom_margin_last_edited=&#8221;on|tablet&#8221;]<\/p>\n<h1>Me contacter<\/h1>\n<p>[\/et_pb_text][\/et_pb_column][\/et_pb_row][\/et_pb_section][et_pb_section fb_built=&#8221;1&#8243; _builder_version=&#8221;4.8.1&#8243; _module_preset=&#8221;default&#8221; custom_padding=&#8221;0px|||||&#8221;][et_pb_row column_structure=&#8221;2_5,3_5&#8243; _builder_version=&#8221;4.9.0&#8243; _module_preset=&#8221;default&#8221; custom_margin_tablet=&#8221;-24px||||false|false&#8221; custom_margin_phone=&#8221;-48px||||false|false&#8221; custom_margin_last_edited=&#8221;on|tablet&#8221; custom_padding=&#8221;26px||44px||false|false&#8221;][et_pb_column type=&#8221;2_5&#8243; _builder_version=&#8221;4.8.1&#8243; _module_preset=&#8221;default&#8221; background_color=&#8221;RGBA(0,0,0,0)&#8221;][et_pb_image src=&#8221;https:\/\/www.lucieflouret.com\/wp-content\/uploads\/Lucie_Flouret_graphiste_freelance_portrait.png&#8221; alt=&#8221;Lucie_Flouret_graphiste_freelance_portrait&#8221; title_text=&#8221;Lucie_Flouret_graphiste_freelance_portrait&#8221; _builder_version=&#8221;4.8.1&#8243; _module_preset=&#8221;default&#8221; custom_margin=&#8221;-40px|||||&#8221; custom_padding=&#8221;0px|||||&#8221;][\/et_pb_image][et_pb_text admin_label=&#8221;contacts&#8221; _builder_version=&#8221;4.9.0&#8243; _module_preset=&#8221;default&#8221; text_font=&#8221;Barlow Semi Condensed|300|||||||&#8221; text_text_color=&#8221;#FFFFFF&#8221; text_font_size=&#8221;18px&#8221; text_line_height=&#8221;2em&#8221; header_text_align=&#8221;justify&#8221; header_text_color=&#8221;#515151&#8243; background_color=&#8221;#000000&#8243; text_orientation=&#8221;center&#8221; custom_margin=&#8221;-99px|-7px||108px||&#8221; custom_margin_tablet=&#8221;|125px||135px|false|false&#8221; custom_margin_phone=&#8221;-99px|41px||35px|false|false&#8221; custom_margin_last_edited=&#8221;on|tablet&#8221; custom_padding=&#8221;11px||11px||true|false&#8221; link_option_url_new_window=&#8221;on&#8221;]<\/p>\n<p><strong>Me contacter :<br \/> <\/strong><img loading=\"lazy\" decoding=\"async\" class=\"\" src=\"https:\/\/static.xx.fbcdn.net\/images\/emoji.php\/v9\/ta6\/2\/32\/1f4de.png\" alt=\"????\" width=\"20\" height=\"20\" \/>\u00a0 06.62.25.32.35<br \/> <img loading=\"lazy\" decoding=\"async\" class=\"\" src=\"https:\/\/static.xx.fbcdn.net\/images\/emoji.php\/v9\/t19\/2\/32\/1f4e9.png\" alt=\"????\" width=\"20\" height=\"20\" \/>\u00a0\u00a0<a href=\"mailto:lucie.flouret@gmail.com\"><\/a><a href=\"mailto:lucie.flouret@gmail.com\"><\/a><a href=\"mailto:lucie.flouret@gmail.com\"><span style=\"color: #ffffff;\">lucie.flouret@gmail.com<\/span><\/a><\/p>\n<p><a href=\"https:\/\/www.instagram.com\/croquiscueilleur\/\" target=\"_blank\" rel=\"noopener noreferrer\"><img loading=\"lazy\" decoding=\"async\" src=\"https:\/\/www.lucieflouret.com\/wp-content\/uploads\/lucie_flouret_graphiste_freelance_instagram_blanc.png\" width=\"40\" height=\"40\" alt=\"lucie_flouret_graphiste_freelance_instagram_blanc\" class=\"wp-image-717 alignnone size-full\" \/><\/a><a href=\"https:\/\/www.linkedin.com\/in\/lucieflouret\/\" target=\"_blank\" rel=\"noopener noreferrer\">\u00a0 \u00a0\u00a0<img loading=\"lazy\" decoding=\"async\" src=\"https:\/\/www.lucieflouret.com\/wp-content\/uploads\/lucie_flouret_graphiste_freelance_linkedin_blanc.png\" width=\"40\" height=\"40\" alt=\"\" class=\"wp-image-719 alignnone size-full\" \/><\/a><\/p>\n<p>[\/et_pb_text][\/et_pb_column][et_pb_column type=&#8221;3_5&#8243; _builder_version=&#8221;4.8.1&#8243; _module_preset=&#8221;default&#8221; background_color=&#8221;RGBA(0,0,0,0)&#8221;][et_pb_text admin_label=&#8221;Texte&#8221; _builder_version=&#8221;4.9.0&#8243; _module_preset=&#8221;default&#8221; text_font=&#8221;Barlow Semi Condensed|300|||||||&#8221; text_text_color=&#8221;#8ad6df&#8221; text_font_size=&#8221;22px&#8221; text_line_height=&#8221;2em&#8221; custom_margin=&#8221;-2px|29px|-62px|0px|false|false&#8221; custom_padding=&#8221;29px|1px|5px|1px|false|true&#8221; text_orientation_tablet=&#8221;&#8221; text_orientation_phone=&#8221;center&#8221; text_orientation_last_edited=&#8221;on|phone&#8221;]<\/p>\n<p><b>Vous voulez \u00e9tablir un devis avec moi ?\u00a0<img loading=\"lazy\" decoding=\"async\" height=\"20\" width=\"20\" alt=\"????\" src=\"https:\/\/static.xx.fbcdn.net\/images\/emoji.php\/v9\/tb3\/2\/32\/1f4b0.png\" \/><\/b><\/p>\n<p>&nbsp;<\/p>\n<p>[\/et_pb_text][et_pb_text content_tablet=&#8221;&#8221; content_phone=&#8221;<\/p>\n<p>Dites-moi tout par ici ! <img height=%2220%22 width=%2220%22 alt=%22\u2b07\ufe0f%22 src=%22https:\/\/static.xx.fbcdn.net\/images\/emoji.php\/v9\/ta7\/2\/32\/2b07.png%22 \/><br \/> ( N&#8217;h\u00e9sitez pas \u00e0 \u00eatre le plus pr\u00e9cis possible. <br \/>Plus j&#8217;ai d&#8217;infos, mieux je me porte ! )<\/p>\n<p>&#8221; content_last_edited=&#8221;on|phone&#8221; admin_label=&#8221;texte contact&#8221; _builder_version=&#8221;4.9.0&#8243; _module_preset=&#8221;default&#8221; text_font=&#8221;Barlow Semi Condensed|300|||||||&#8221; text_text_color=&#8221;#000000&#8243; text_font_size=&#8221;18px&#8221; text_line_height=&#8221;2em&#8221; text_font_size_tablet=&#8221;&#8221; text_font_size_phone=&#8221;14px&#8221; text_font_size_last_edited=&#8221;on|phone&#8221; text_orientation_tablet=&#8221;&#8221; text_orientation_phone=&#8221;center&#8221; text_orientation_last_edited=&#8221;on|phone&#8221;]<\/p>\n<p>Dites-moi tout par ici !\u00a0<img loading=\"lazy\" decoding=\"async\" height=\"20\" width=\"20\" alt=\"\u2b07\ufe0f\" src=\"https:\/\/static.xx.fbcdn.net\/images\/emoji.php\/v9\/ta7\/2\/32\/2b07.png\" \/><br \/> ( N&#8217;h\u00e9sitez pas \u00e0 \u00eatre le plus pr\u00e9cis possible. Plus j&#8217;ai d&#8217;infos, mieux je me porte ! )<\/p>\n<p>[\/et_pb_text][et_pb_contact_form email=&#8221;lucie.flouret@gmail.com&#8221; custom_message=&#8221;Vous avez re\u00e7u un message provenant de votre site internet !||et_pb_line_break_holder||||et_pb_line_break_holder||Ce message a \u00e9t\u00e9 envoy\u00e9 par : %%nom%% %%prenom%%||et_pb_line_break_holder||Mail : %%email%%||et_pb_line_break_holder||Type de projet : %%type_de_projet%%||et_pb_line_break_holder||||et_pb_line_break_holder||Message : %%message%%&#8221; success_message=&#8221;Merci pour votre message ! Je vous r\u00e9ponds au plus vite :)&#8221; submit_button_text=&#8221;Envoyer&#8221; _builder_version=&#8221;4.9.2&#8243; _module_preset=&#8221;default&#8221; form_field_background_color=&#8221;#FFF6ED&#8221; form_field_text_color=&#8221;#515151&#8243; form_field_focus_background_color=&#8221;#FFF6ED&#8221; form_field_focus_text_color=&#8221;#8AD6DF&#8221; title_text_color=&#8221;#FFFFFF&#8221; custom_button=&#8221;on&#8221; button_text_size=&#8221;15px&#8221; button_text_color=&#8221;#FFFFFF&#8221; button_bg_color=&#8221;#8AD6DF&#8221; button_border_color=&#8221;RGBA(0,0,0,0)&#8221; button_border_radius=&#8221;73px&#8221; button_use_icon=&#8221;off&#8221; custom_margin=&#8221;58px|||||&#8221; hover_enabled=&#8221;0&#8243; button_bg_color__hover_enabled=&#8221;on|desktop&#8221; button_bg_color__hover=&#8221;#FFFFFF&#8221; button_bg_enable_color__hover=&#8221;on&#8221; button_text_color__hover_enabled=&#8221;on|hover&#8221; button_text_color__hover=&#8221;#8AD6DF&#8221; button_border_color__hover_enabled=&#8221;on|hover&#8221; button_border_color__hover=&#8221;#8AD6DF&#8221; sticky_enabled=&#8221;0&#8243;][et_pb_contact_field field_id=&#8221;prenom&#8221; field_title=&#8221;Pr\u00e9nom&#8221; _builder_version=&#8221;4.9.2&#8243; button_text_size__hover_enabled=&#8221;off&#8221; button_one_text_size__hover_enabled=&#8221;off&#8221; button_two_text_size__hover_enabled=&#8221;off&#8221; button_text_color__hover_enabled=&#8221;off&#8221; button_one_text_color__hover_enabled=&#8221;off&#8221; button_two_text_color__hover_enabled=&#8221;off&#8221; button_border_width__hover_enabled=&#8221;off&#8221; button_one_border_width__hover_enabled=&#8221;off&#8221; button_two_border_width__hover_enabled=&#8221;off&#8221; button_border_color__hover_enabled=&#8221;off&#8221; button_one_border_color__hover_enabled=&#8221;off&#8221; button_two_border_color__hover_enabled=&#8221;off&#8221; button_border_radius__hover_enabled=&#8221;off&#8221; button_one_border_radius__hover_enabled=&#8221;off&#8221; button_two_border_radius__hover_enabled=&#8221;off&#8221; button_letter_spacing__hover_enabled=&#8221;off&#8221; button_one_letter_spacing__hover_enabled=&#8221;off&#8221; button_two_letter_spacing__hover_enabled=&#8221;off&#8221; button_bg_color__hover_enabled=&#8221;off&#8221; button_one_bg_color__hover_enabled=&#8221;off&#8221; button_two_bg_color__hover_enabled=&#8221;off&#8221;][\/et_pb_contact_field][et_pb_contact_field field_id=&#8221;nom&#8221; field_title=&#8221;Nom&#8221; _builder_version=&#8221;4.9.2&#8243; button_text_size__hover_enabled=&#8221;off&#8221; button_one_text_size__hover_enabled=&#8221;off&#8221; button_two_text_size__hover_enabled=&#8221;off&#8221; button_text_color__hover_enabled=&#8221;off&#8221; button_one_text_color__hover_enabled=&#8221;off&#8221; button_two_text_color__hover_enabled=&#8221;off&#8221; button_border_width__hover_enabled=&#8221;off&#8221; button_one_border_width__hover_enabled=&#8221;off&#8221; button_two_border_width__hover_enabled=&#8221;off&#8221; button_border_color__hover_enabled=&#8221;off&#8221; button_one_border_color__hover_enabled=&#8221;off&#8221; button_two_border_color__hover_enabled=&#8221;off&#8221; button_border_radius__hover_enabled=&#8221;off&#8221; button_one_border_radius__hover_enabled=&#8221;off&#8221; button_two_border_radius__hover_enabled=&#8221;off&#8221; button_letter_spacing__hover_enabled=&#8221;off&#8221; button_one_letter_spacing__hover_enabled=&#8221;off&#8221; button_two_letter_spacing__hover_enabled=&#8221;off&#8221; button_bg_color__hover_enabled=&#8221;off&#8221; button_one_bg_color__hover_enabled=&#8221;off&#8221; button_two_bg_color__hover_enabled=&#8221;off&#8221;][\/et_pb_contact_field][et_pb_contact_field field_id=&#8221;email&#8221; field_title=&#8221;Adresse e-mail&#8221; field_type=&#8221;email&#8221; _builder_version=&#8221;4.9.2&#8243; hover_enabled=&#8221;0&#8243; button_text_size__hover_enabled=&#8221;off&#8221; button_one_text_size__hover_enabled=&#8221;off&#8221; button_two_text_size__hover_enabled=&#8221;off&#8221; button_text_color__hover_enabled=&#8221;off&#8221; button_one_text_color__hover_enabled=&#8221;off&#8221; button_two_text_color__hover_enabled=&#8221;off&#8221; button_border_width__hover_enabled=&#8221;off&#8221; button_one_border_width__hover_enabled=&#8221;off&#8221; button_two_border_width__hover_enabled=&#8221;off&#8221; button_border_color__hover_enabled=&#8221;off&#8221; button_one_border_color__hover_enabled=&#8221;off&#8221; button_two_border_color__hover_enabled=&#8221;off&#8221; button_border_radius__hover_enabled=&#8221;off&#8221; button_one_border_radius__hover_enabled=&#8221;off&#8221; button_two_border_radius__hover_enabled=&#8221;off&#8221; button_letter_spacing__hover_enabled=&#8221;off&#8221; button_one_letter_spacing__hover_enabled=&#8221;off&#8221; button_two_letter_spacing__hover_enabled=&#8221;off&#8221; button_bg_color__hover_enabled=&#8221;off&#8221; button_one_bg_color__hover_enabled=&#8221;off&#8221; button_two_bg_color__hover_enabled=&#8221;off&#8221; sticky_enabled=&#8221;0&#8243;][\/et_pb_contact_field][et_pb_contact_field field_id=&#8221;type_de_projet&#8221; field_title=&#8221;Type de projet&#8221; field_type=&#8221;select&#8221; select_options=&#8221;%91{%22value%22:%22Cr\u00e9ation de logo%22,%22checked%22:0,%22dragID%22:-1},{%22dragID%22:0,%22value%22:%22Montage vid\u00e9o%22,%22checked%22:0},{%22dragID%22:1,%22value%22:%22Motion design%22,%22checked%22:0},{%22dragID%22:2,%22value%22:%22Web design%22,%22checked%22:0},{%22dragID%22:3,%22value%22:%22Identit\u00e9 visuelle%22,%22checked%22:0},{%22dragID%22:4,%22value%22:%22Autre&#8230;%22,%22checked%22:0}%93&#8243; _builder_version=&#8221;4.9.2&#8243; button_text_size__hover_enabled=&#8221;off&#8221; button_one_text_size__hover_enabled=&#8221;off&#8221; button_two_text_size__hover_enabled=&#8221;off&#8221; button_text_color__hover_enabled=&#8221;off&#8221; button_one_text_color__hover_enabled=&#8221;off&#8221; button_two_text_color__hover_enabled=&#8221;off&#8221; button_border_width__hover_enabled=&#8221;off&#8221; button_one_border_width__hover_enabled=&#8221;off&#8221; button_two_border_width__hover_enabled=&#8221;off&#8221; button_border_color__hover_enabled=&#8221;off&#8221; button_one_border_color__hover_enabled=&#8221;off&#8221; button_two_border_color__hover_enabled=&#8221;off&#8221; button_border_radius__hover_enabled=&#8221;off&#8221; button_one_border_radius__hover_enabled=&#8221;off&#8221; button_two_border_radius__hover_enabled=&#8221;off&#8221; button_letter_spacing__hover_enabled=&#8221;off&#8221; button_one_letter_spacing__hover_enabled=&#8221;off&#8221; button_two_letter_spacing__hover_enabled=&#8221;off&#8221; button_bg_color__hover_enabled=&#8221;off&#8221; button_one_bg_color__hover_enabled=&#8221;off&#8221; button_two_bg_color__hover_enabled=&#8221;off&#8221;][\/et_pb_contact_field][et_pb_contact_field field_id=&#8221;message&#8221; field_title=&#8221;Message&#8221; field_type=&#8221;text&#8221; fullwidth_field=&#8221;on&#8221; _builder_version=&#8221;4.9.2&#8243; button_text_size__hover_enabled=&#8221;off&#8221; button_one_text_size__hover_enabled=&#8221;off&#8221; button_two_text_size__hover_enabled=&#8221;off&#8221; button_text_color__hover_enabled=&#8221;off&#8221; button_one_text_color__hover_enabled=&#8221;off&#8221; button_two_text_color__hover_enabled=&#8221;off&#8221; button_border_width__hover_enabled=&#8221;off&#8221; button_one_border_width__hover_enabled=&#8221;off&#8221; button_two_border_width__hover_enabled=&#8221;off&#8221; button_border_color__hover_enabled=&#8221;off&#8221; button_one_border_color__hover_enabled=&#8221;off&#8221; button_two_border_color__hover_enabled=&#8221;off&#8221; button_border_radius__hover_enabled=&#8221;off&#8221; button_one_border_radius__hover_enabled=&#8221;off&#8221; button_two_border_radius__hover_enabled=&#8221;off&#8221; button_letter_spacing__hover_enabled=&#8221;off&#8221; button_one_letter_spacing__hover_enabled=&#8221;off&#8221; button_two_letter_spacing__hover_enabled=&#8221;off&#8221; button_bg_color__hover_enabled=&#8221;off&#8221; button_one_bg_color__hover_enabled=&#8221;off&#8221; button_two_bg_color__hover_enabled=&#8221;off&#8221;][\/et_pb_contact_field][\/et_pb_contact_form][\/et_pb_column][\/et_pb_row][\/et_pb_section]<\/p>\n","protected":false},"excerpt":{"rendered":"<p>Me contacterMe contacter : \u00a0 06.62.25.32.35 \u00a0\u00a0lucie.flouret@gmail.com \u00a0 \u00a0\u00a0Vous voulez \u00e9tablir un devis avec moi ?\u00a0 &nbsp;Dites-moi tout par ici !\u00a0 ( N&#8217;h\u00e9sitez pas \u00e0 \u00eatre le plus pr\u00e9cis possible. Plus j&#8217;ai d&#8217;infos, mieux je me porte ! )<\/p>\n","protected":false},"author":1,"featured_media":0,"parent":0,"menu_order":0,"comment_status":"closed","ping_status":"closed","template":"","meta":{"_et_pb_use_builder":"on","_et_pb_old_content":"","_et_gb_content_width":"","footnotes":""},"yoast_head":"<!-- This site is optimized with the Yoast SEO plugin v21.8 - https:\/\/yoast.com\/wordpress\/plugins\/seo\/ -->\n<title>Lucie Flouret - Graphiste freelance - Lille &amp; Valenciennes - Contact<\/title>\n<meta name=\"description\" content=\"Vous souhaitez faire appel \u00e0 mes services de graphiste freelance ? \u00c9tablissons ensemble un devis. C&#039;est par ici !\" \/>\n<meta name=\"robots\" content=\"index, follow, max-snippet:-1, max-image-preview:large, max-video-preview:-1\" \/>\n<link rel=\"canonical\" href=\"https:\/\/www.lucieflouret.com\/index.php\/contact\/\" \/>\n<meta property=\"og:locale\" content=\"en_US\" \/>\n<meta property=\"og:type\" content=\"article\" \/>\n<meta property=\"og:title\" content=\"Lucie Flouret - Graphiste freelance - Lille &amp; Valenciennes - Contact\" \/>\n<meta property=\"og:description\" content=\"Vous souhaitez faire appel \u00e0 mes services de graphiste freelance ? \u00c9tablissons ensemble un devis. C&#039;est par ici !\" \/>\n<meta property=\"og:url\" content=\"https:\/\/www.lucieflouret.com\/index.php\/contact\/\" \/>\n<meta property=\"og:site_name\" content=\"Lucie Flouret\" \/>\n<meta property=\"article:modified_time\" content=\"2021-03-28T09:47:39+00:00\" \/>\n<meta property=\"og:image\" content=\"https:\/\/static.xx.fbcdn.net\/images\/emoji.php\/v9\/ta6\/2\/32\/1f4de.png\" \/>\n<meta name=\"twitter:card\" content=\"summary_large_image\" \/>\n<meta name=\"twitter:label1\" content=\"Est. reading time\" \/>\n\t<meta name=\"twitter:data1\" content=\"8 minutes\" \/>\n<script type=\"application\/ld+json\" class=\"yoast-schema-graph\">{\"@context\":\"https:\/\/schema.org\",\"@graph\":[{\"@type\":\"WebPage\",\"@id\":\"https:\/\/www.lucieflouret.com\/index.php\/contact\/\",\"url\":\"https:\/\/www.lucieflouret.com\/index.php\/contact\/\",\"name\":\"Lucie Flouret - Graphiste freelance - Lille & Valenciennes - Contact\",\"isPartOf\":{\"@id\":\"https:\/\/www.lucieflouret.com\/#website\"},\"datePublished\":\"2020-12-15T08:27:30+00:00\",\"dateModified\":\"2021-03-28T09:47:39+00:00\",\"description\":\"Vous souhaitez faire appel \u00e0 mes services de graphiste freelance ? \u00c9tablissons ensemble un devis. C'est par ici !\",\"breadcrumb\":{\"@id\":\"https:\/\/www.lucieflouret.com\/index.php\/contact\/#breadcrumb\"},\"inLanguage\":\"en-US\",\"potentialAction\":[{\"@type\":\"ReadAction\",\"target\":[\"https:\/\/www.lucieflouret.com\/index.php\/contact\/\"]}]},{\"@type\":\"BreadcrumbList\",\"@id\":\"https:\/\/www.lucieflouret.com\/index.php\/contact\/#breadcrumb\",\"itemListElement\":[{\"@type\":\"ListItem\",\"position\":1,\"name\":\"Home\",\"item\":\"https:\/\/www.lucieflouret.com\/\"},{\"@type\":\"ListItem\",\"position\":2,\"name\":\"Contact\"}]},{\"@type\":\"WebSite\",\"@id\":\"https:\/\/www.lucieflouret.com\/#website\",\"url\":\"https:\/\/www.lucieflouret.com\/\",\"name\":\"Lucie Flouret\",\"description\":\"\",\"potentialAction\":[{\"@type\":\"SearchAction\",\"target\":{\"@type\":\"EntryPoint\",\"urlTemplate\":\"https:\/\/www.lucieflouret.com\/?s={search_term_string}\"},\"query-input\":\"required name=search_term_string\"}],\"inLanguage\":\"en-US\"}]}<\/script>\n<!-- \/ Yoast SEO plugin. -->","yoast_head_json":{"title":"Lucie Flouret - Graphiste freelance - Lille & Valenciennes - Contact","description":"Vous souhaitez faire appel \u00e0 mes services de graphiste freelance ? \u00c9tablissons ensemble un devis. C'est par ici !","robots":{"index":"index","follow":"follow","max-snippet":"max-snippet:-1","max-image-preview":"max-image-preview:large","max-video-preview":"max-video-preview:-1"},"canonical":"https:\/\/www.lucieflouret.com\/index.php\/contact\/","og_locale":"en_US","og_type":"article","og_title":"Lucie Flouret - Graphiste freelance - Lille & Valenciennes - Contact","og_description":"Vous souhaitez faire appel \u00e0 mes services de graphiste freelance ? \u00c9tablissons ensemble un devis. C'est par ici !","og_url":"https:\/\/www.lucieflouret.com\/index.php\/contact\/","og_site_name":"Lucie Flouret","article_modified_time":"2021-03-28T09:47:39+00:00","og_image":[{"url":"https:\/\/static.xx.fbcdn.net\/images\/emoji.php\/v9\/ta6\/2\/32\/1f4de.png"}],"twitter_card":"summary_large_image","twitter_misc":{"Est. reading time":"8 minutes"},"schema":{"@context":"https:\/\/schema.org","@graph":[{"@type":"WebPage","@id":"https:\/\/www.lucieflouret.com\/index.php\/contact\/","url":"https:\/\/www.lucieflouret.com\/index.php\/contact\/","name":"Lucie Flouret - Graphiste freelance - Lille & Valenciennes - Contact","isPartOf":{"@id":"https:\/\/www.lucieflouret.com\/#website"},"datePublished":"2020-12-15T08:27:30+00:00","dateModified":"2021-03-28T09:47:39+00:00","description":"Vous souhaitez faire appel \u00e0 mes services de graphiste freelance ? \u00c9tablissons ensemble un devis. C'est par ici !","breadcrumb":{"@id":"https:\/\/www.lucieflouret.com\/index.php\/contact\/#breadcrumb"},"inLanguage":"en-US","potentialAction":[{"@type":"ReadAction","target":["https:\/\/www.lucieflouret.com\/index.php\/contact\/"]}]},{"@type":"BreadcrumbList","@id":"https:\/\/www.lucieflouret.com\/index.php\/contact\/#breadcrumb","itemListElement":[{"@type":"ListItem","position":1,"name":"Home","item":"https:\/\/www.lucieflouret.com\/"},{"@type":"ListItem","position":2,"name":"Contact"}]},{"@type":"WebSite","@id":"https:\/\/www.lucieflouret.com\/#website","url":"https:\/\/www.lucieflouret.com\/","name":"Lucie Flouret","description":"","potentialAction":[{"@type":"SearchAction","target":{"@type":"EntryPoint","urlTemplate":"https:\/\/www.lucieflouret.com\/?s={search_term_string}"},"query-input":"required name=search_term_string"}],"inLanguage":"en-US"}]}},"_links":{"self":[{"href":"https:\/\/www.lucieflouret.com\/index.php\/wp-json\/wp\/v2\/pages\/12"}],"collection":[{"href":"https:\/\/www.lucieflouret.com\/index.php\/wp-json\/wp\/v2\/pages"}],"about":[{"href":"https:\/\/www.lucieflouret.com\/index.php\/wp-json\/wp\/v2\/types\/page"}],"author":[{"embeddable":true,"href":"https:\/\/www.lucieflouret.com\/index.php\/wp-json\/wp\/v2\/users\/1"}],"replies":[{"embeddable":true,"href":"https:\/\/www.lucieflouret.com\/index.php\/wp-json\/wp\/v2\/comments?post=12"}],"version-history":[{"count":36,"href":"https:\/\/www.lucieflouret.com\/index.php\/wp-json\/wp\/v2\/pages\/12\/revisions"}],"predecessor-version":[{"id":1398,"href":"https:\/\/www.lucieflouret.com\/index.php\/wp-json\/wp\/v2\/pages\/12\/revisions\/1398"}],"wp:attachment":[{"href":"https:\/\/www.lucieflouret.com\/index.php\/wp-json\/wp\/v2\/media?parent=12"}],"curies":[{"name":"wp","href":"https:\/\/api.w.org\/{rel}","templated":true}]}}