{"id":1339,"date":"2021-02-25T17:04:40","date_gmt":"2021-02-25T16:04:40","guid":{"rendered":"https:\/\/www.lucieflouret.com\/?page_id=1339"},"modified":"2021-02-25T17:12:13","modified_gmt":"2021-02-25T16:12:13","slug":"cgv","status":"publish","type":"page","link":"https:\/\/www.lucieflouret.com\/index.php\/cgv\/","title":{"rendered":"CGV"},"content":{"rendered":"<p>[et_pb_section fb_built=&#8221;1&#8243; _builder_version=&#8221;4.9.0&#8243; _module_preset=&#8221;default&#8221; background_color=&#8221;#F2D9CF&#8221;][et_pb_row _builder_version=&#8221;4.9.0&#8243; _module_preset=&#8221;default&#8221;][et_pb_column type=&#8221;4_4&#8243; _builder_version=&#8221;4.9.0&#8243; _module_preset=&#8221;default&#8221;][et_pb_text admin_label=&#8221;qui suis-je ?&#8221; _builder_version=&#8221;4.9.0&#8243; _module_preset=&#8221;default&#8221; text_font=&#8221;Playfair Display|900|||||||&#8221; text_font_size=&#8221;50px&#8221; header_font=&#8221;Playfair Display|900|||||||&#8221; header_text_align=&#8221;center&#8221; header_text_color=&#8221;#FFFFFF&#8221; header_font_size=&#8221;85px&#8221; text_orientation=&#8221;center&#8221; custom_margin=&#8221;40px||40px||true|false&#8221; header_font_size_tablet=&#8221;&#8221; header_font_size_phone=&#8221;65px&#8221; header_font_size_last_edited=&#8221;on|phone&#8221;]<\/p>\n<h1>CGV Lucie Flouret<\/h1>\n<p>[\/et_pb_text][\/et_pb_column][\/et_pb_row][\/et_pb_section][et_pb_section fb_built=&#8221;1&#8243; _builder_version=&#8221;3.22&#8243;][et_pb_row _builder_version=&#8221;3.25&#8243; background_size=&#8221;initial&#8221; background_position=&#8221;top_left&#8221; background_repeat=&#8221;repeat&#8221;][et_pb_column type=&#8221;4_4&#8243; _builder_version=&#8221;3.25&#8243; custom_padding=&#8221;|||&#8221; custom_padding__hover=&#8221;|||&#8221;][et_pb_text _builder_version=&#8221;4.9.0&#8243; header_2_font=&#8221;|700|||||||&#8221; header_2_text_color=&#8221;#8AD6DF&#8221; header_3_font=&#8221;|700|||||||&#8221; header_3_text_color=&#8221;#8AD6DF&#8221; header_3_font_size=&#8221;20px&#8221; background_size=&#8221;initial&#8221; background_position=&#8221;top_left&#8221; background_repeat=&#8221;repeat&#8221;]<\/p>\n<p>1. La prestation comprend tout ce qui est explicitement list\u00e9 dans le champ \u00ab\u00a0D\u00e9tail de la prestation\u00a0\u00bb. De fa\u00e7on corollaire, elle ne comprend pas ce qui n\u2019est pas explicit\u00e9 dans ce m\u00eame champ.<\/p>\n<p>2. Sauf d\u00e9lai de paiement suppl\u00e9mentaire convenu par accord entre les deux parties et figurant sur la facture, le paiement s\u2019effectue au plus tard au 30\u00e8me jour suivant la date de facturation (C. Com. art L. 441-6, al 2 modifi\u00e9 de la loi du 15 mai 2001). Tout retard de paiement pourra donner lieu \u00e0 des p\u00e9nalit\u00e9s de retard exigeantes sans rappel, au taux de 10% de la facturation totale par mois de retard (Lutte contre les retards de paiement \/ article 53 de la Loi NRE), ainsi qu\u2019\u00e0 une indemnit\u00e9 forfaitaire de 40\u20ac (C. Com. art. D441-5). Paiements par virement bancaire. Il sera demand\u00e9 un acompte de 30% \u00e0 la signature du devis, puis un deuxi\u00e8me versement comptant de 70% correspondant au solde.<span class=\"Apple-converted-space\">\u00a0<\/span><\/p>\n<p>3. Conform\u00e9ment au CPI (articles L. 121-1 \u00e0 L. 121-9) ne seront c\u00e9d\u00e9s au client pour l\u2019oeuvre d\u00e9crite que les droits patrimoniaux explicitement \u00e9nonc\u00e9s dans les conditions de cession, \u00e0 l\u2019exclusion de tout autre, et ce dans les limites y figurant \u00e9galement. Il est rappel\u00e9 que le droit moral d\u2019une cr\u00e9ation (comprenant en autres droit au respect de l\u2019oeuvre et droit au respect du nom) reste attach\u00e9 \u00e0 son auteur de mani\u00e8re perp\u00e9tuelle et imprescriptible.<span class=\"Apple-converted-space\">\u00a0<\/span><\/p>\n<p>Toute repr\u00e9sentation ou reproduction int\u00e9grale ou partielle faite sans le consentement de l\u2019auteur ou de ses ayants droits est illicite, et punie selon les lois relatives au d\u00e9lit de contrefa\u00e7on. Il en est de m\u00eame pour la traduction, l\u2019adaptation ou la transformation, l\u2019arrangement ou le reproduction par un art ou un proc\u00e9d\u00e9 quelconque. (Art. L. 122-4 du CPI)<\/p>\n<p>4. La totalit\u00e9 de la production et des droits s\u2019y rapportant, objet de la pr\u00e9sente commande, demeure la propri\u00e9t\u00e9 enti\u00e8re et exclusive de Lucie FLOURET tant que les factures \u00e9mises par Lucie FLOURET ne sont pas pay\u00e9es en totalit\u00e9 par la soci\u00e9t\u00e9 cliente, \u00e0 concurrence du montant global de la commande et des avenants \u00e9ventuels conclus en cours de prestation. De fa\u00e7on corollaire, la soci\u00e9t\u00e9 cliente deviendra propri\u00e9taire de fait des droits c\u00e9d\u00e9s \u00e0 compter du r\u00e8glement final et soldant de toutes les factures \u00e9mises par Lucie FLOURET dans le cadre de la commande.<\/p>\n<p>5. La livraison \u00e9ventuelles des sources ou fichiers de travail relatifs \u00e0 la pr\u00e9sente commande ne se fera qu\u2019en cas de n\u00e9cessit\u00e9 induite par la stricte exploitation de l\u2019oeuvre pr\u00e9vue dans le conditions de cession ou dans un avenant ult\u00e9rieur.<\/p>\n<p>6. Lucie FLOURET se r\u00e9serve le droit de mentionner sa r\u00e9alisation pour la soci\u00e9t\u00e9 clientes comme r\u00e9f\u00e9rence et de citer des extraits textuels ou iconographiques des oeuvres concern\u00e9es dans le strict cadre de ses d\u00e9marches de prospection commerciale, de communication externe et de publicit\u00e9. Toute r\u00e9serve au droit de publicit\u00e9 de Lucie FLOURET devra \u00eatre notifi\u00e9e et n\u00e9goci\u00e9e avant la signature du devis et mentionn\u00e9e sur la facture.<\/p>\n<p>7. La soci\u00e9t\u00e9 cliente assume pleine et enti\u00e8re responsabilit\u00e9 des choix r\u00e9alis\u00e9s en mati\u00e8re de contenus textuels et iconographiques figurant dans la r\u00e9alisation livr\u00e9e par Lucie FLOURET, tout comme de l\u2019exploitation qui en sera faite, et notamment de la conformit\u00e9 de cette derni\u00e8re avec les r\u00e9glementations en vigueur. Elle assure \u00e9galement \u00eatre propri\u00e9taire des droits n\u00e9cessaires \u00e0 l\u2019exploitation de tous les \u00e9l\u00e9ments cr\u00e9atifs textuels et iconographiques fournis par elle \u00e0 Lucie FLOURET dans le cadre de sa mission, et garantit Lucie FLOURET contre toute plainte tierce relative \u00e0 la violation des droits de ces \u00e9l\u00e9ments.<\/p>\n<p>[\/et_pb_text][\/et_pb_column][\/et_pb_row][\/et_pb_section]<\/p>\n","protected":false},"excerpt":{"rendered":"<p>CGV Lucie Flouret1. La prestation comprend tout ce qui est explicitement list\u00e9 dans le champ \u00ab\u00a0D\u00e9tail de la prestation\u00a0\u00bb. De fa\u00e7on corollaire, elle ne comprend pas ce qui n\u2019est pas explicit\u00e9 dans ce m\u00eame champ. 2. Sauf d\u00e9lai de paiement suppl\u00e9mentaire convenu par accord entre les deux parties et figurant sur la facture, le paiement [&hellip;]<\/p>\n","protected":false},"author":1,"featured_media":0,"parent":0,"menu_order":0,"comment_status":"closed","ping_status":"closed","template":"","meta":{"_et_pb_use_builder":"on","_et_pb_old_content":"","_et_gb_content_width":"","footnotes":""},"yoast_head":"<!-- This site is optimized with the Yoast SEO plugin v21.8 - https:\/\/yoast.com\/wordpress\/plugins\/seo\/ -->\n<title>Lucie Flouret - graphiste freelance - conditions g\u00e9n\u00e9rales de vente<\/title>\n<meta name=\"description\" content=\"Vous trouverez ici mes conditions g\u00e9n\u00e9rales de vente. N&#039;h\u00e9sitez pas \u00e0 me contacter si vous avez des questions concernant ces conditions\" \/>\n<meta name=\"robots\" content=\"index, follow, max-snippet:-1, max-image-preview:large, max-video-preview:-1\" \/>\n<link rel=\"canonical\" href=\"https:\/\/www.lucieflouret.com\/index.php\/cgv\/\" \/>\n<meta property=\"og:locale\" content=\"en_US\" \/>\n<meta property=\"og:type\" content=\"article\" \/>\n<meta property=\"og:title\" content=\"Lucie Flouret - graphiste freelance - conditions g\u00e9n\u00e9rales de vente\" \/>\n<meta property=\"og:description\" content=\"Vous trouverez ici mes conditions g\u00e9n\u00e9rales de vente. N&#039;h\u00e9sitez pas \u00e0 me contacter si vous avez des questions concernant ces conditions\" \/>\n<meta property=\"og:url\" content=\"https:\/\/www.lucieflouret.com\/index.php\/cgv\/\" \/>\n<meta property=\"og:site_name\" content=\"Lucie Flouret\" \/>\n<meta property=\"article:modified_time\" content=\"2021-02-25T16:12:13+00:00\" \/>\n<meta name=\"twitter:card\" content=\"summary_large_image\" \/>\n<meta name=\"twitter:label1\" content=\"Est. reading time\" \/>\n\t<meta name=\"twitter:data1\" content=\"4 minutes\" \/>\n<script type=\"application\/ld+json\" class=\"yoast-schema-graph\">{\"@context\":\"https:\/\/schema.org\",\"@graph\":[{\"@type\":\"WebPage\",\"@id\":\"https:\/\/www.lucieflouret.com\/index.php\/cgv\/\",\"url\":\"https:\/\/www.lucieflouret.com\/index.php\/cgv\/\",\"name\":\"Lucie Flouret - graphiste freelance - conditions g\u00e9n\u00e9rales de vente\",\"isPartOf\":{\"@id\":\"https:\/\/www.lucieflouret.com\/#website\"},\"datePublished\":\"2021-02-25T16:04:40+00:00\",\"dateModified\":\"2021-02-25T16:12:13+00:00\",\"description\":\"Vous trouverez ici mes conditions g\u00e9n\u00e9rales de vente. N'h\u00e9sitez pas \u00e0 me contacter si vous avez des questions concernant ces conditions\",\"breadcrumb\":{\"@id\":\"https:\/\/www.lucieflouret.com\/index.php\/cgv\/#breadcrumb\"},\"inLanguage\":\"en-US\",\"potentialAction\":[{\"@type\":\"ReadAction\",\"target\":[\"https:\/\/www.lucieflouret.com\/index.php\/cgv\/\"]}]},{\"@type\":\"BreadcrumbList\",\"@id\":\"https:\/\/www.lucieflouret.com\/index.php\/cgv\/#breadcrumb\",\"itemListElement\":[{\"@type\":\"ListItem\",\"position\":1,\"name\":\"Home\",\"item\":\"https:\/\/www.lucieflouret.com\/\"},{\"@type\":\"ListItem\",\"position\":2,\"name\":\"CGV\"}]},{\"@type\":\"WebSite\",\"@id\":\"https:\/\/www.lucieflouret.com\/#website\",\"url\":\"https:\/\/www.lucieflouret.com\/\",\"name\":\"Lucie Flouret\",\"description\":\"\",\"potentialAction\":[{\"@type\":\"SearchAction\",\"target\":{\"@type\":\"EntryPoint\",\"urlTemplate\":\"https:\/\/www.lucieflouret.com\/?s={search_term_string}\"},\"query-input\":\"required name=search_term_string\"}],\"inLanguage\":\"en-US\"}]}<\/script>\n<!-- \/ Yoast SEO plugin. -->","yoast_head_json":{"title":"Lucie Flouret - graphiste freelance - conditions g\u00e9n\u00e9rales de vente","description":"Vous trouverez ici mes conditions g\u00e9n\u00e9rales de vente. N'h\u00e9sitez pas \u00e0 me contacter si vous avez des questions concernant ces conditions","robots":{"index":"index","follow":"follow","max-snippet":"max-snippet:-1","max-image-preview":"max-image-preview:large","max-video-preview":"max-video-preview:-1"},"canonical":"https:\/\/www.lucieflouret.com\/index.php\/cgv\/","og_locale":"en_US","og_type":"article","og_title":"Lucie Flouret - graphiste freelance - conditions g\u00e9n\u00e9rales de vente","og_description":"Vous trouverez ici mes conditions g\u00e9n\u00e9rales de vente. N'h\u00e9sitez pas \u00e0 me contacter si vous avez des questions concernant ces conditions","og_url":"https:\/\/www.lucieflouret.com\/index.php\/cgv\/","og_site_name":"Lucie Flouret","article_modified_time":"2021-02-25T16:12:13+00:00","twitter_card":"summary_large_image","twitter_misc":{"Est. reading time":"4 minutes"},"schema":{"@context":"https:\/\/schema.org","@graph":[{"@type":"WebPage","@id":"https:\/\/www.lucieflouret.com\/index.php\/cgv\/","url":"https:\/\/www.lucieflouret.com\/index.php\/cgv\/","name":"Lucie Flouret - graphiste freelance - conditions g\u00e9n\u00e9rales de vente","isPartOf":{"@id":"https:\/\/www.lucieflouret.com\/#website"},"datePublished":"2021-02-25T16:04:40+00:00","dateModified":"2021-02-25T16:12:13+00:00","description":"Vous trouverez ici mes conditions g\u00e9n\u00e9rales de vente. N'h\u00e9sitez pas \u00e0 me contacter si vous avez des questions concernant ces conditions","breadcrumb":{"@id":"https:\/\/www.lucieflouret.com\/index.php\/cgv\/#breadcrumb"},"inLanguage":"en-US","potentialAction":[{"@type":"ReadAction","target":["https:\/\/www.lucieflouret.com\/index.php\/cgv\/"]}]},{"@type":"BreadcrumbList","@id":"https:\/\/www.lucieflouret.com\/index.php\/cgv\/#breadcrumb","itemListElement":[{"@type":"ListItem","position":1,"name":"Home","item":"https:\/\/www.lucieflouret.com\/"},{"@type":"ListItem","position":2,"name":"CGV"}]},{"@type":"WebSite","@id":"https:\/\/www.lucieflouret.com\/#website","url":"https:\/\/www.lucieflouret.com\/","name":"Lucie Flouret","description":"","potentialAction":[{"@type":"SearchAction","target":{"@type":"EntryPoint","urlTemplate":"https:\/\/www.lucieflouret.com\/?s={search_term_string}"},"query-input":"required name=search_term_string"}],"inLanguage":"en-US"}]}},"_links":{"self":[{"href":"https:\/\/www.lucieflouret.com\/index.php\/wp-json\/wp\/v2\/pages\/1339"}],"collection":[{"href":"https:\/\/www.lucieflouret.com\/index.php\/wp-json\/wp\/v2\/pages"}],"about":[{"href":"https:\/\/www.lucieflouret.com\/index.php\/wp-json\/wp\/v2\/types\/page"}],"author":[{"embeddable":true,"href":"https:\/\/www.lucieflouret.com\/index.php\/wp-json\/wp\/v2\/users\/1"}],"replies":[{"embeddable":true,"href":"https:\/\/www.lucieflouret.com\/index.php\/wp-json\/wp\/v2\/comments?post=1339"}],"version-history":[{"count":4,"href":"https:\/\/www.lucieflouret.com\/index.php\/wp-json\/wp\/v2\/pages\/1339\/revisions"}],"predecessor-version":[{"id":1353,"href":"https:\/\/www.lucieflouret.com\/index.php\/wp-json\/wp\/v2\/pages\/1339\/revisions\/1353"}],"wp:attachment":[{"href":"https:\/\/www.lucieflouret.com\/index.php\/wp-json\/wp\/v2\/media?parent=1339"}],"curies":[{"name":"wp","href":"https:\/\/api.w.org\/{rel}","templated":true}]}}