{"id":1438,"date":"2023-01-16T09:37:42","date_gmt":"2023-01-16T08:37:42","guid":{"rendered":"https:\/\/www.lucieflouret.com\/?page_id=1438"},"modified":"2024-01-16T16:51:10","modified_gmt":"2024-01-16T15:51:10","slug":"publicites_reseaux_sociaux","status":"publish","type":"page","link":"https:\/\/www.lucieflouret.com\/index.php\/publicites_reseaux_sociaux\/","title":{"rendered":"Publicit\u00e9s pour les r\u00e9seaux sociaux"},"content":{"rendered":"<p>[et_pb_section fb_built=&#8221;1&#8243; _builder_version=&#8221;4.19.4&#8243; _module_preset=&#8221;default&#8221; background_image=&#8221;https:\/\/www.lucieflouret.com\/wp-content\/uploads\/photo_ordinateurs-scaled.jpg&#8221; parallax=&#8221;on&#8221; custom_padding=&#8221;||38px||false|false&#8221; global_colors_info=&#8221;{}&#8221;][et_pb_row _builder_version=&#8221;4.19.4&#8243; _module_preset=&#8221;default&#8221; global_colors_info=&#8221;{}&#8221;][et_pb_column type=&#8221;4_4&#8243; _builder_version=&#8221;4.19.4&#8243; _module_preset=&#8221;default&#8221; global_colors_info=&#8221;{}&#8221;][et_pb_text _builder_version=&#8221;4.19.4&#8243; _module_preset=&#8221;default&#8221; text_font=&#8221;Playfair Display||||||||&#8221; text_text_color=&#8221;#FFFFFF&#8221; text_font_size=&#8221;58px&#8221; header_font=&#8221;Playfair Display|900|||||||&#8221; header_text_align=&#8221;center&#8221; header_text_color=&#8221;#FFFFFF&#8221; header_font_size=&#8221;87px&#8221; text_orientation=&#8221;center&#8221; custom_margin=&#8221;-21px||44px||false|false&#8221; custom_padding=&#8221;115px||115px||false|false&#8221; global_colors_info=&#8221;{}&#8221;]<\/p>\n<h1 style=\"text-align: center;\"><strong>Publicit\u00e9s pour<br \/>les r\u00e9seaux sociaux<\/strong><\/h1>\n<p>[\/et_pb_text][\/et_pb_column][\/et_pb_row][\/et_pb_section][et_pb_section fb_built=&#8221;1&#8243; _builder_version=&#8221;4.19.4&#8243; _module_preset=&#8221;default&#8221; custom_padding=&#8221;||40px|||&#8221; global_colors_info=&#8221;{}&#8221;][et_pb_row _builder_version=&#8221;4.19.4&#8243; _module_preset=&#8221;default&#8221; global_colors_info=&#8221;{}&#8221;][et_pb_column type=&#8221;4_4&#8243; _builder_version=&#8221;4.19.4&#8243; _module_preset=&#8221;default&#8221; global_colors_info=&#8221;{}&#8221;][et_pb_text admin_label=&#8221;texte parcours&#8221; _builder_version=&#8221;4.19.4&#8243; _module_preset=&#8221;default&#8221; text_font=&#8221;Barlow Semi Condensed|300|||||||&#8221; text_text_color=&#8221;#000000&#8243; text_font_size=&#8221;18px&#8221; text_line_height=&#8221;2em&#8221; text_orientation=&#8221;center&#8221; global_colors_info=&#8221;{}&#8221;]<\/p>\n<p>Durant l\u2019ann\u00e9e 2022, j\u2019ai beaucoup collabor\u00e9 avec <strong>Growth Society<\/strong>, une agence de <strong>Growth Marketing.<\/strong> \ud83d\udcc8<br \/>Leur objectif ? Aider les entreprises \u00e0 grossir gr\u00e2ce \u00e0 la <strong>publicit\u00e9 sur les r\u00e9seaux sociaux.<br \/><\/strong>Au cours de cette ann\u00e9e, j\u2019ai cr\u00e9\u00e9 pour eux <strong>plus de 750 publicit\u00e9s<\/strong> pour plus d\u2019une <strong>vingtaine de clients. <\/strong>\u00a0<\/p>\n<p><span><\/span><\/p>\n<p>J\u2019ai fait plein de formats diff\u00e9rents : <strong>des vid\u00e9os, des statics, des gifs<\/strong>, \u2026<br \/>Avec plein d\u2019approches cr\u00e9atives diff\u00e9rentes : <strong>du motion design, du montage vid\u00e9o, des memes, de la photo produit, de la photo persona<\/strong>, \u2026<br \/>De l\u2019humour, du s\u00e9rieux, du d\u00e9cal\u00e9, \u2026 Bref une pl\u00e9iade de contenus que vous pouvez retrouver juste en dessous.<br \/>Enjoy <span>\ud83d\ude0d<\/span><\/p>\n<p>[\/et_pb_text][\/et_pb_column][\/et_pb_row][\/et_pb_section][et_pb_section fb_built=&#8221;1&#8243; _builder_version=&#8221;4.19.4&#8243; _module_preset=&#8221;default&#8221; custom_padding=&#8221;4px||40px|||&#8221; global_colors_info=&#8221;{}&#8221;][et_pb_row _builder_version=&#8221;4.19.4&#8243; _module_preset=&#8221;default&#8221; global_colors_info=&#8221;{}&#8221;][et_pb_column type=&#8221;4_4&#8243; _builder_version=&#8221;4.19.4&#8243; _module_preset=&#8221;default&#8221; global_colors_info=&#8221;{}&#8221;][et_pb_text _builder_version=&#8221;4.19.4&#8243; _module_preset=&#8221;default&#8221; header_2_font=&#8221;Playfair Display|800|||||||&#8221; header_2_text_align=&#8221;center&#8221; header_2_text_color=&#8221;#8AD6DF&#8221; header_2_font_size=&#8221;30px&#8221; custom_margin=&#8221;||-13px|||&#8221; custom_padding=&#8221;||40px|||&#8221; global_colors_info=&#8221;{}&#8221;]<\/p>\n<h2>Exemples de formats statiques<\/h2>\n<p>[\/et_pb_text][et_pb_gallery gallery_ids=&#8221;1454,1455,1456,1560,1457,1459,1556,1559,1558,1561,1458&#8243; fullwidth=&#8221;on&#8221; _builder_version=&#8221;4.19.4&#8243; _module_preset=&#8221;default&#8221; width=&#8221;60%&#8221; module_alignment=&#8221;center&#8221; border_radii=&#8221;on|7px|7px|7px|7px&#8221; box_shadow_style=&#8221;preset1&#8243; box_shadow_blur=&#8221;20px&#8221; box_shadow_spread=&#8221;-4px&#8221; global_colors_info=&#8221;{}&#8221;][\/et_pb_gallery][\/et_pb_column][\/et_pb_row][\/et_pb_section][et_pb_section fb_built=&#8221;1&#8243; _builder_version=&#8221;4.19.4&#8243; _module_preset=&#8221;default&#8221; custom_padding=&#8221;28px||30px|||&#8221; global_colors_info=&#8221;{}&#8221;][et_pb_row _builder_version=&#8221;4.19.4&#8243; _module_preset=&#8221;default&#8221; global_colors_info=&#8221;{}&#8221;][et_pb_column type=&#8221;4_4&#8243; _builder_version=&#8221;4.19.4&#8243; _module_preset=&#8221;default&#8221; global_colors_info=&#8221;{}&#8221;][et_pb_text _builder_version=&#8221;4.19.4&#8243; _module_preset=&#8221;default&#8221; header_2_font=&#8221;Playfair Display|800|||||||&#8221; header_2_text_align=&#8221;center&#8221; header_2_text_color=&#8221;#8AD6DF&#8221; header_2_font_size=&#8221;30px&#8221; custom_margin=&#8221;||-13px|||&#8221; custom_padding=&#8221;||41px|||&#8221; hover_enabled=&#8221;0&#8243; global_colors_info=&#8221;{}&#8221; sticky_enabled=&#8221;0&#8243;]<\/p>\n<h2>Exemples de formats vid\u00e9os<\/h2>\n<p>[\/et_pb_text][et_pb_video_slider play_icon_color=&#8221;#8AD6DF&#8221; _builder_version=&#8221;4.19.4&#8243; _module_preset=&#8221;default&#8221; custom_padding=&#8221;3px|||||&#8221; hover_enabled=&#8221;0&#8243; border_radii=&#8221;on|8px|8px|8px|8px&#8221; box_shadow_style=&#8221;preset1&#8243; box_shadow_spread=&#8221;-4px&#8221; global_colors_info=&#8221;{}&#8221; sticky_enabled=&#8221;0&#8243;][et_pb_video_slider_item src=&#8221;https:\/\/www.youtube.com\/watch?v=ZsMwjBK4s4I&#8221; _builder_version=&#8221;4.19.4&#8243; _module_preset=&#8221;default&#8221; hover_enabled=&#8221;0&#8243; global_colors_info=&#8221;{}&#8221; show_image_overlay=&#8221;off&#8221; admin_title=&#8221;Poppins&#8221; sticky_enabled=&#8221;0&#8243;][\/et_pb_video_slider_item][et_pb_video_slider_item src=&#8221;https:\/\/youtu.be\/F8JDzUoqghY&#8221; _builder_version=&#8221;4.19.4&#8243; _module_preset=&#8221;default&#8221; hover_enabled=&#8221;0&#8243; global_colors_info=&#8221;{}&#8221; show_image_overlay=&#8221;off&#8221; admin_title=&#8221;Metaed&#8221; sticky_enabled=&#8221;0&#8243;][\/et_pb_video_slider_item][et_pb_video_slider_item src=&#8221;https:\/\/www.youtube.com\/watch?v=9vzZBDmnPpU&#8221; _builder_version=&#8221;4.19.4&#8243; _module_preset=&#8221;default&#8221; hover_enabled=&#8221;0&#8243; global_colors_info=&#8221;{}&#8221; show_image_overlay=&#8221;off&#8221; admin_title=&#8221;MyVariations&#8221; sticky_enabled=&#8221;0&#8243;][\/et_pb_video_slider_item][et_pb_video_slider_item src=&#8221;https:\/\/www.youtube.com\/watch?v=CqKpn8Yt5Sc&#8221; _builder_version=&#8221;4.19.4&#8243; _module_preset=&#8221;default&#8221; hover_enabled=&#8221;0&#8243; global_colors_info=&#8221;{}&#8221; show_image_overlay=&#8221;off&#8221; admin_title=&#8221;Flakon&#8221; sticky_enabled=&#8221;0&#8243;][\/et_pb_video_slider_item][et_pb_video_slider_item src=&#8221;https:\/\/youtu.be\/keqinTuS_UE&#8221; _builder_version=&#8221;4.19.4&#8243; _module_preset=&#8221;default&#8221; hover_enabled=&#8221;0&#8243; global_colors_info=&#8221;{}&#8221; show_image_overlay=&#8221;off&#8221; admin_title=&#8221;Vera&#8221; sticky_enabled=&#8221;0&#8243;][\/et_pb_video_slider_item][\/et_pb_video_slider][\/et_pb_column][\/et_pb_row][\/et_pb_section][et_pb_section fb_built=&#8221;1&#8243; _builder_version=&#8221;4.19.4&#8243; _module_preset=&#8221;default&#8221; custom_padding=&#8221;19px|||||&#8221; global_colors_info=&#8221;{}&#8221;][et_pb_row _builder_version=&#8221;4.19.4&#8243; _module_preset=&#8221;default&#8221; global_colors_info=&#8221;{}&#8221;][et_pb_column type=&#8221;4_4&#8243; _builder_version=&#8221;4.19.4&#8243; _module_preset=&#8221;default&#8221; global_colors_info=&#8221;{}&#8221;][et_pb_text _builder_version=&#8221;4.19.4&#8243; _module_preset=&#8221;default&#8221; header_2_font=&#8221;Playfair Display|800|||||||&#8221; header_2_text_align=&#8221;center&#8221; header_2_text_color=&#8221;#8AD6DF&#8221; header_2_font_size=&#8221;30px&#8221; custom_margin=&#8221;||-13px|||&#8221; custom_padding=&#8221;||40px|||&#8221; global_colors_info=&#8221;{}&#8221;]<\/p>\n<h2>Exemples de formats gifs<\/h2>\n<p>[\/et_pb_text][et_pb_gallery gallery_ids=&#8221;1506,1511,1512,1513,1516&#8243; fullwidth=&#8221;on&#8221; _builder_version=&#8221;4.19.4&#8243; _module_preset=&#8221;default&#8221; width=&#8221;60%&#8221; module_alignment=&#8221;center&#8221; custom_padding=&#8221;0px||||false|false&#8221; border_radii=&#8221;on|8px|8px|8px|8px&#8221; box_shadow_style=&#8221;preset1&#8243; box_shadow_spread=&#8221;-4px&#8221; global_colors_info=&#8221;{}&#8221;][\/et_pb_gallery][\/et_pb_column][\/et_pb_row][\/et_pb_section][et_pb_section fb_built=&#8221;1&#8243; _builder_version=&#8221;4.19.4&#8243; _module_preset=&#8221;default&#8221; custom_padding=&#8221;2px|||||&#8221; global_colors_info=&#8221;{}&#8221;][et_pb_row column_structure=&#8221;1_2,1_2&#8243; _builder_version=&#8221;4.19.4&#8243; _module_preset=&#8221;default&#8221; custom_padding=&#8221;6px|||||&#8221; global_colors_info=&#8221;{}&#8221;][et_pb_column type=&#8221;1_2&#8243; _builder_version=&#8221;4.19.4&#8243; _module_preset=&#8221;default&#8221; global_colors_info=&#8221;{}&#8221;][et_pb_button button_url=&#8221;https:\/\/www.lucieflouret.com\/index.php\/portfolio-graphiste-freelance\/&#8221; button_text=&#8221;Retours \u00e0 la page projets&#8221; button_alignment=&#8221;left&#8221; _builder_version=&#8221;4.19.4&#8243; _module_preset=&#8221;default&#8221; custom_button=&#8221;on&#8221; button_text_size=&#8221;18px&#8221; button_text_color=&#8221;#ffffff&#8221; button_bg_color=&#8221;#8ad6df&#8221; button_border_color=&#8221;rgba(0,0,0,0)&#8221; button_border_radius=&#8221;49px&#8221; button_font=&#8221;Barlow Semi Condensed|700|||||||&#8221; global_colors_info=&#8221;{}&#8221; button_text_color__hover_enabled=&#8221;on|desktop&#8221; button_text_color__hover=&#8221;#8ad6df&#8221; button_bg_color__hover_enabled=&#8221;on|hover&#8221; button_bg_color__hover=&#8221;#ffffff&#8221; button_bg_enable_color__hover=&#8221;on&#8221; button_border_color__hover_enabled=&#8221;on|hover&#8221; button_border_color__hover=&#8221;#8ad6df&#8221;][\/et_pb_button][\/et_pb_column][et_pb_column type=&#8221;1_2&#8243; _builder_version=&#8221;4.19.4&#8243; _module_preset=&#8221;default&#8221; global_colors_info=&#8221;{}&#8221;][et_pb_button button_url=&#8221;https:\/\/www.lucieflouret.com\/index.php\/contact\/&#8221; button_text=&#8221;Contactez-moi !&#8221; button_alignment=&#8221;right&#8221; _builder_version=&#8221;4.19.4&#8243; _module_preset=&#8221;default&#8221; custom_button=&#8221;on&#8221; button_text_size=&#8221;18px&#8221; button_text_color=&#8221;#ffffff&#8221; button_bg_color=&#8221;#8ad6df&#8221; button_border_color=&#8221;rgba(0,0,0,0)&#8221; button_border_radius=&#8221;49px&#8221; button_font=&#8221;Barlow Semi Condensed|700|||||||&#8221; global_colors_info=&#8221;{}&#8221; button_text_color__hover_enabled=&#8221;on|desktop&#8221; button_text_color__hover=&#8221;#8ad6df&#8221; button_bg_color__hover_enabled=&#8221;on|hover&#8221; button_bg_color__hover=&#8221;#ffffff&#8221; button_bg_enable_color__hover=&#8221;on&#8221; button_border_color__hover_enabled=&#8221;on|hover&#8221; button_border_color__hover=&#8221;#8ad6df&#8221;][\/et_pb_button][\/et_pb_column][\/et_pb_row][\/et_pb_section]<\/p>\n","protected":false},"excerpt":{"rendered":"<p>Publicit\u00e9s pourles r\u00e9seaux sociauxDurant l\u2019ann\u00e9e 2022, j\u2019ai beaucoup collabor\u00e9 avec Growth Society, une agence de Growth Marketing. \ud83d\udcc8Leur objectif ? Aider les entreprises \u00e0 grossir gr\u00e2ce \u00e0 la publicit\u00e9 sur les r\u00e9seaux sociaux.Au cours de cette ann\u00e9e, j\u2019ai cr\u00e9\u00e9 pour eux plus de 750 publicit\u00e9s pour plus d\u2019une vingtaine de clients. \u00a0 J\u2019ai fait plein [&hellip;]<\/p>\n","protected":false},"author":1,"featured_media":0,"parent":0,"menu_order":0,"comment_status":"closed","ping_status":"closed","template":"","meta":{"_et_pb_use_builder":"on","_et_pb_old_content":"","_et_gb_content_width":"","footnotes":""},"yoast_head":"<!-- This site is optimized with the Yoast SEO plugin v21.8 - https:\/\/yoast.com\/wordpress\/plugins\/seo\/ -->\n<title>Publicit\u00e9s pour les r\u00e9seaux sociaux - Lucie Flouret<\/title>\n<meta name=\"description\" content=\"En 2022 j&#039;ai cr\u00e9\u00e9 plus de 750 ads pour Growth Society, une agence de growth marketing. Du motion design, des vid\u00e9os, des statics, des gifs\" \/>\n<meta name=\"robots\" content=\"index, follow, max-snippet:-1, max-image-preview:large, max-video-preview:-1\" \/>\n<link rel=\"canonical\" href=\"https:\/\/www.lucieflouret.com\/index.php\/publicites_reseaux_sociaux\/\" \/>\n<meta property=\"og:locale\" content=\"en_US\" \/>\n<meta property=\"og:type\" content=\"article\" \/>\n<meta property=\"og:title\" content=\"Publicit\u00e9s pour les r\u00e9seaux sociaux - Lucie Flouret\" \/>\n<meta property=\"og:description\" content=\"En 2022 j&#039;ai cr\u00e9\u00e9 plus de 750 ads pour Growth Society, une agence de growth marketing. Du motion design, des vid\u00e9os, des statics, des gifs\" \/>\n<meta property=\"og:url\" content=\"https:\/\/www.lucieflouret.com\/index.php\/publicites_reseaux_sociaux\/\" \/>\n<meta property=\"og:site_name\" content=\"Lucie Flouret\" \/>\n<meta property=\"article:modified_time\" content=\"2024-01-16T15:51:10+00:00\" \/>\n<meta name=\"twitter:card\" content=\"summary_large_image\" \/>\n<meta name=\"twitter:label1\" content=\"Est. reading time\" \/>\n\t<meta name=\"twitter:data1\" content=\"2 minutes\" \/>\n<script type=\"application\/ld+json\" class=\"yoast-schema-graph\">{\"@context\":\"https:\/\/schema.org\",\"@graph\":[{\"@type\":\"WebPage\",\"@id\":\"https:\/\/www.lucieflouret.com\/index.php\/publicites_reseaux_sociaux\/\",\"url\":\"https:\/\/www.lucieflouret.com\/index.php\/publicites_reseaux_sociaux\/\",\"name\":\"Publicit\u00e9s pour les r\u00e9seaux sociaux - Lucie Flouret\",\"isPartOf\":{\"@id\":\"https:\/\/www.lucieflouret.com\/#website\"},\"datePublished\":\"2023-01-16T08:37:42+00:00\",\"dateModified\":\"2024-01-16T15:51:10+00:00\",\"description\":\"En 2022 j'ai cr\u00e9\u00e9 plus de 750 ads pour Growth Society, une agence de growth marketing. Du motion design, des vid\u00e9os, des statics, des gifs\",\"breadcrumb\":{\"@id\":\"https:\/\/www.lucieflouret.com\/index.php\/publicites_reseaux_sociaux\/#breadcrumb\"},\"inLanguage\":\"en-US\",\"potentialAction\":[{\"@type\":\"ReadAction\",\"target\":[\"https:\/\/www.lucieflouret.com\/index.php\/publicites_reseaux_sociaux\/\"]}]},{\"@type\":\"BreadcrumbList\",\"@id\":\"https:\/\/www.lucieflouret.com\/index.php\/publicites_reseaux_sociaux\/#breadcrumb\",\"itemListElement\":[{\"@type\":\"ListItem\",\"position\":1,\"name\":\"Home\",\"item\":\"https:\/\/www.lucieflouret.com\/\"},{\"@type\":\"ListItem\",\"position\":2,\"name\":\"Publicit\u00e9s pour les r\u00e9seaux sociaux\"}]},{\"@type\":\"WebSite\",\"@id\":\"https:\/\/www.lucieflouret.com\/#website\",\"url\":\"https:\/\/www.lucieflouret.com\/\",\"name\":\"Lucie Flouret\",\"description\":\"\",\"potentialAction\":[{\"@type\":\"SearchAction\",\"target\":{\"@type\":\"EntryPoint\",\"urlTemplate\":\"https:\/\/www.lucieflouret.com\/?s={search_term_string}\"},\"query-input\":\"required name=search_term_string\"}],\"inLanguage\":\"en-US\"}]}<\/script>\n<!-- \/ Yoast SEO plugin. -->","yoast_head_json":{"title":"Publicit\u00e9s pour les r\u00e9seaux sociaux - Lucie Flouret","description":"En 2022 j'ai cr\u00e9\u00e9 plus de 750 ads pour Growth Society, une agence de growth marketing. Du motion design, des vid\u00e9os, des statics, des gifs","robots":{"index":"index","follow":"follow","max-snippet":"max-snippet:-1","max-image-preview":"max-image-preview:large","max-video-preview":"max-video-preview:-1"},"canonical":"https:\/\/www.lucieflouret.com\/index.php\/publicites_reseaux_sociaux\/","og_locale":"en_US","og_type":"article","og_title":"Publicit\u00e9s pour les r\u00e9seaux sociaux - Lucie Flouret","og_description":"En 2022 j'ai cr\u00e9\u00e9 plus de 750 ads pour Growth Society, une agence de growth marketing. Du motion design, des vid\u00e9os, des statics, des gifs","og_url":"https:\/\/www.lucieflouret.com\/index.php\/publicites_reseaux_sociaux\/","og_site_name":"Lucie Flouret","article_modified_time":"2024-01-16T15:51:10+00:00","twitter_card":"summary_large_image","twitter_misc":{"Est. reading time":"2 minutes"},"schema":{"@context":"https:\/\/schema.org","@graph":[{"@type":"WebPage","@id":"https:\/\/www.lucieflouret.com\/index.php\/publicites_reseaux_sociaux\/","url":"https:\/\/www.lucieflouret.com\/index.php\/publicites_reseaux_sociaux\/","name":"Publicit\u00e9s pour les r\u00e9seaux sociaux - Lucie Flouret","isPartOf":{"@id":"https:\/\/www.lucieflouret.com\/#website"},"datePublished":"2023-01-16T08:37:42+00:00","dateModified":"2024-01-16T15:51:10+00:00","description":"En 2022 j'ai cr\u00e9\u00e9 plus de 750 ads pour Growth Society, une agence de growth marketing. Du motion design, des vid\u00e9os, des statics, des gifs","breadcrumb":{"@id":"https:\/\/www.lucieflouret.com\/index.php\/publicites_reseaux_sociaux\/#breadcrumb"},"inLanguage":"en-US","potentialAction":[{"@type":"ReadAction","target":["https:\/\/www.lucieflouret.com\/index.php\/publicites_reseaux_sociaux\/"]}]},{"@type":"BreadcrumbList","@id":"https:\/\/www.lucieflouret.com\/index.php\/publicites_reseaux_sociaux\/#breadcrumb","itemListElement":[{"@type":"ListItem","position":1,"name":"Home","item":"https:\/\/www.lucieflouret.com\/"},{"@type":"ListItem","position":2,"name":"Publicit\u00e9s pour les r\u00e9seaux sociaux"}]},{"@type":"WebSite","@id":"https:\/\/www.lucieflouret.com\/#website","url":"https:\/\/www.lucieflouret.com\/","name":"Lucie Flouret","description":"","potentialAction":[{"@type":"SearchAction","target":{"@type":"EntryPoint","urlTemplate":"https:\/\/www.lucieflouret.com\/?s={search_term_string}"},"query-input":"required name=search_term_string"}],"inLanguage":"en-US"}]}},"_links":{"self":[{"href":"https:\/\/www.lucieflouret.com\/index.php\/wp-json\/wp\/v2\/pages\/1438"}],"collection":[{"href":"https:\/\/www.lucieflouret.com\/index.php\/wp-json\/wp\/v2\/pages"}],"about":[{"href":"https:\/\/www.lucieflouret.com\/index.php\/wp-json\/wp\/v2\/types\/page"}],"author":[{"embeddable":true,"href":"https:\/\/www.lucieflouret.com\/index.php\/wp-json\/wp\/v2\/users\/1"}],"replies":[{"embeddable":true,"href":"https:\/\/www.lucieflouret.com\/index.php\/wp-json\/wp\/v2\/comments?post=1438"}],"version-history":[{"count":26,"href":"https:\/\/www.lucieflouret.com\/index.php\/wp-json\/wp\/v2\/pages\/1438\/revisions"}],"predecessor-version":[{"id":1565,"href":"https:\/\/www.lucieflouret.com\/index.php\/wp-json\/wp\/v2\/pages\/1438\/revisions\/1565"}],"wp:attachment":[{"href":"https:\/\/www.lucieflouret.com\/index.php\/wp-json\/wp\/v2\/media?parent=1438"}],"curies":[{"name":"wp","href":"https:\/\/api.w.org\/{rel}","templated":true}]}}