{"id":396,"date":"2020-12-17T18:47:29","date_gmt":"2020-12-17T17:47:29","guid":{"rendered":"https:\/\/www.lucieflouret.com\/?page_id=396"},"modified":"2021-02-24T10:28:28","modified_gmt":"2021-02-24T09:28:28","slug":"faq-graphiste-freelance","status":"publish","type":"page","link":"https:\/\/www.lucieflouret.com\/index.php\/faq-graphiste-freelance\/","title":{"rendered":"FAQ"},"content":{"rendered":"<p>[et_pb_section fb_built=&#8221;1&#8243; _builder_version=&#8221;4.8.1&#8243; _module_preset=&#8221;default&#8221; custom_padding=&#8221;||4px|||&#8221;][et_pb_row _builder_version=&#8221;4.8.1&#8243; _module_preset=&#8221;default&#8221;][et_pb_column type=&#8221;4_4&#8243; _builder_version=&#8221;4.8.1&#8243; _module_preset=&#8221;default&#8221;][et_pb_text admin_label=&#8221;qui suis-je ?&#8221; _builder_version=&#8221;4.9.0&#8243; _module_preset=&#8221;default&#8221; text_font=&#8221;Playfair Display|900|||||||&#8221; text_font_size=&#8221;50px&#8221; header_font=&#8221;Playfair Display|900|||||||&#8221; header_text_align=&#8221;center&#8221; header_text_color=&#8221;#8ad6df&#8221; header_font_size=&#8221;40px&#8221; text_orientation=&#8221;center&#8221; custom_margin=&#8221;0px||44px|||&#8221; hover_enabled=&#8221;0&#8243; custom_margin_last_edited=&#8221;on|tablet&#8221; custom_margin_phone=&#8221;-25px||36px||false|false&#8221; sticky_enabled=&#8221;0&#8243; custom_margin_tablet=&#8221;-24px||36px||false|false&#8221;]<\/p>\n<h1>FAQ<\/h1>\n<p>[\/et_pb_text][et_pb_text admin_label=&#8221;texte parcours&#8221; _builder_version=&#8221;4.9.0&#8243; _module_preset=&#8221;default&#8221; text_font=&#8221;Barlow Semi Condensed|300|||||||&#8221; text_text_color=&#8221;#000000&#8243; text_font_size=&#8221;18px&#8221; text_line_height=&#8221;2em&#8221; text_orientation=&#8221;center&#8221; hover_enabled=&#8221;0&#8243; text_font_size_last_edited=&#8221;on|phone&#8221; text_font_size_phone=&#8221;14px&#8221; sticky_enabled=&#8221;0&#8243;]<\/p>\n<p><strong>La r\u00e9ponse \u00e0 votre question se trouve peut-\u00eatre ici !<\/strong><\/p>\n<p>J&#8217;ai compil\u00e9 dans cette FAQ des questions qui me sont r\u00e9guli\u00e8rement pos\u00e9es sur mon m\u00e9tier de<br \/> <strong>graphiste freelance<\/strong> et sur les services que je propose.<\/p>\n<p>Si je ne r\u00e9ponds pas ici \u00e0 votre\/vos question(s), n&#8217;h\u00e9sitez pas \u00e0 me contacter, j&#8217;y r\u00e9pondrai volontier !\u00a0<span class=\"pq6dq46d tbxw36s4 knj5qynh kvgmc6g5 ditlmg2l oygrvhab nvdbi5me sf5mxxl7 gl3lb2sf hhz5lgdu\"><img loading=\"lazy\" decoding=\"async\" height=\"16\" width=\"16\" alt=\"????\" src=\"https:\/\/static.xx.fbcdn.net\/images\/emoji.php\/v9\/tf0\/2\/16\/1f603.png\" \/><\/span><span><\/span><\/p>\n<p>[\/et_pb_text][et_pb_button button_url=&#8221;https:\/\/www.lucieflouret.com\/index.php\/contact\/&#8221; button_text=&#8221;Contactez-moi !&#8221; button_alignment=&#8221;center&#8221; _builder_version=&#8221;4.9.0&#8243; _module_preset=&#8221;default&#8221; custom_button=&#8221;on&#8221; button_text_size=&#8221;18px&#8221; button_text_color=&#8221;#ffffff&#8221; button_bg_color=&#8221;#8ad6df&#8221; button_border_color=&#8221;rgba(0,0,0,0)&#8221; button_border_radius=&#8221;49px&#8221; button_font=&#8221;Barlow Semi Condensed|700|||||||&#8221; button_use_icon=&#8221;off&#8221; hover_enabled=&#8221;0&#8243; button_text_color__hover_enabled=&#8221;on|desktop&#8221; button_text_color__hover=&#8221;#8ad6df&#8221; button_bg_color__hover_enabled=&#8221;on|hover&#8221; button_bg_color__hover=&#8221;#ffffff&#8221; button_bg_enable_color__hover=&#8221;on&#8221; button_border_color__hover_enabled=&#8221;on|hover&#8221; button_border_color__hover=&#8221;#8ad6df&#8221; custom_margin_last_edited=&#8221;on|tablet&#8221; custom_margin_phone=&#8221;54px||-16px||false|false&#8221; sticky_enabled=&#8221;0&#8243; custom_margin_tablet=&#8221;62px||-4px||false|false&#8221;][\/et_pb_button][\/et_pb_column][\/et_pb_row][\/et_pb_section][et_pb_section fb_built=&#8221;1&#8243; _builder_version=&#8221;4.8.1&#8243; _module_preset=&#8221;default&#8221;][et_pb_row _builder_version=&#8221;4.8.1&#8243; _module_preset=&#8221;default&#8221; custom_margin=&#8221;-31px|auto||auto||&#8221;][et_pb_column type=&#8221;4_4&#8243; _builder_version=&#8221;4.8.1&#8243; _module_preset=&#8221;default&#8221;][et_pb_toggle title=&#8221;Qu&#8217;est-ce qu&#8217;un graphiste freelance ?&#8221; open_toggle_text_color=&#8221;#515151&#8243; open_toggle_background_color=&#8221;#FFF6ED&#8221; closed_toggle_text_color=&#8221;#515151&#8243; closed_toggle_background_color=&#8221;#FFF6ED&#8221; admin_label=&#8221;graphiste freelance&#8221; _builder_version=&#8221;4.9.0&#8243; _module_preset=&#8221;default&#8221; title_text_color=&#8221;#515151&#8243; title_level=&#8221;h2&#8243; title_font=&#8221;Barlow Semi Condensed||||||||&#8221; title_font_size=&#8221;18px&#8221; closed_title_font=&#8221;Barlow Semi Condensed||||||||&#8221; body_font=&#8221;Barlow Semi Condensed|300|||||||&#8221; body_text_color=&#8221;#515151&#8243; body_font_size=&#8221;17px&#8221; custom_padding=&#8221;21px|36px|21px|36px|true|true&#8221; hover_enabled=&#8221;0&#8243; border_radii=&#8221;on|6px|6px|6px|6px&#8221; border_color_all=&#8221;RGBA(0,0,0,0)&#8221; body_font_size_last_edited=&#8221;on|phone&#8221; body_font_size_phone=&#8221;14px&#8221; content_last_edited=&#8221;on|phone&#8221; content_phone=&#8221;<\/p>\n<p>Un <strong>graphiste freelance<\/strong> est un <br \/>auto-entrepreneur qui travaille g\u00e9n\u00e9ralement au service des <strong>entreprises<\/strong>. Mais il peut \u00e9galement \u00eatre mission\u00e9 par un particulier.<\/p>\n<p>Il propose <strong>divers services de graphisme<\/strong> pour aider les entreprises \u00e0 mieux <strong>communiquer<\/strong> aupr\u00e8s de leur cible. Il propose g\u00e9n\u00e9ralement la <strong>cr\u00e9ation de logo<\/strong> et <strong>l&#8217;identit\u00e9 visuelle<\/strong> qui va avec. Mais il peut \u00e9galement offrir des services de <strong>web design<\/strong>, <strong>d\u00e9veloppement d&#8217;applications<\/strong>, <strong>cr\u00e9ation de contenu pour les r\u00e9seaux sociaux<\/strong>, &#8230;<\/p>\n<p>Dans tous les cas, un graphiste est une personne <strong>cr\u00e9ative<\/strong> qui saura imaginer pour vous une communication <strong>impactante<\/strong> pour <strong>gagner en visibilit\u00e9<\/strong> et <strong>fid\u00e9liser vos clients<\/strong>. C&#8217;est un <strong>alli\u00e9<\/strong>\u00a0important dans la croissance de votre business !\u00a0<img height=%2220%22 width=%2220%22 alt=%22????%22 src=%22https:\/\/static.xx.fbcdn.net\/images\/emoji.php\/v9\/tc5\/2\/32\/1f4aa.png%22 \/><\/p>\n<p>&#8221; sticky_enabled=&#8221;0&#8243;]<\/p>\n<p>Un <strong>graphiste freelance<\/strong> est un auto-entrepreneur qui travaille g\u00e9n\u00e9ralement au service des <strong>entreprises<\/strong>. Mais il peut \u00e9galement \u00eatre mission\u00e9 par un particulier.<\/p>\n<p>Il propose <strong>divers services de graphisme<\/strong> pour aider les entreprises \u00e0 mieux <strong>communiquer<\/strong> aupr\u00e8s de leur cible. Il propose g\u00e9n\u00e9ralement la <strong>cr\u00e9ation de logo<\/strong> et <strong>l&#8217;identit\u00e9 visuelle<\/strong> qui va avec. Mais il peut \u00e9galement offrir des services de <strong>web design<\/strong>, <strong>d\u00e9veloppement d&#8217;applications<\/strong>, <strong>cr\u00e9ation de contenu pour les r\u00e9seaux sociaux<\/strong>, &#8230;<\/p>\n<p>Dans tous les cas, un graphiste est une personne <strong>cr\u00e9ative<\/strong> qui saura imaginer pour vous une communication <strong>impactante<\/strong> pour <strong>gagner en visibilit\u00e9<\/strong> et <strong>fid\u00e9liser vos clients<\/strong>. C&#8217;est un <strong>alli\u00e9<\/strong>\u00a0important dans la croissance de votre business !\u00a0<img loading=\"lazy\" decoding=\"async\" height=\"20\" width=\"20\" alt=\"????\" src=\"https:\/\/static.xx.fbcdn.net\/images\/emoji.php\/v9\/tc5\/2\/32\/1f4aa.png\" \/><\/p>\n<p>[\/et_pb_toggle][et_pb_toggle title=&#8221;Pourquoi faire appel \u00e0 un graphiste freelance ?&#8221; open_toggle_text_color=&#8221;#515151&#8243; open_toggle_background_color=&#8221;#F2D9CF&#8221; closed_toggle_text_color=&#8221;#515151&#8243; closed_toggle_background_color=&#8221;#F2D9CF&#8221; admin_label=&#8221;graphiste freelance&#8221; _builder_version=&#8221;4.9.0&#8243; _module_preset=&#8221;default&#8221; title_text_color=&#8221;#515151&#8243; title_level=&#8221;h2&#8243; title_font=&#8221;Barlow Semi Condensed||||||||&#8221; title_font_size=&#8221;18px&#8221; closed_title_font=&#8221;Barlow Semi Condensed||||||||&#8221; body_font=&#8221;Barlow Semi Condensed|300|||||||&#8221; body_text_color=&#8221;#515151&#8243; body_font_size=&#8221;17px&#8221; custom_padding=&#8221;21px|36px|21px|36px|true|true&#8221; hover_enabled=&#8221;0&#8243; border_radii=&#8221;on|6px|6px|6px|6px&#8221; border_color_all=&#8221;RGBA(0,0,0,0)&#8221; body_font_size_last_edited=&#8221;on|phone&#8221; body_font_size_phone=&#8221;14px&#8221; sticky_enabled=&#8221;0&#8243;]<\/p>\n<p>Un <strong>graphiste freelance<\/strong> est un professionnel des <strong>m\u00e9tiers de la communication<\/strong>. De part ses diff\u00e9rentes comp\u00e9tences et connaissances, il saura cr\u00e9er pour votre marque une communication <strong>tendance<\/strong>, <strong>dynamique<\/strong> et <strong>impactante<\/strong>. Il est donc important pour la <strong>croissance de votre marque<\/strong> de faire appel \u00e0 un graphiste pour proposer \u00e0 votre cible une communication <strong>ad\u00e9quate<\/strong> et <strong>cr\u00e9ative<\/strong>. Une bonne communication vous garantira <strong>visibilit\u00e9<\/strong> et <strong>fid\u00e9lisation<\/strong>.<\/p>\n<p>[\/et_pb_toggle][et_pb_toggle title=&#8221;Quelle est la diff\u00e9rence entre le logo et l&#8217;identit\u00e9 visuelle ?&#8221; open_toggle_text_color=&#8221;#515151&#8243; open_toggle_background_color=&#8221;#FFF6ED&#8221; closed_toggle_text_color=&#8221;#515151&#8243; closed_toggle_background_color=&#8221;#FFF6ED&#8221; admin_label=&#8221;difference logo iv&#8221; _builder_version=&#8221;4.9.0&#8243; _module_preset=&#8221;default&#8221; title_text_color=&#8221;#515151&#8243; title_level=&#8221;h2&#8243; title_font=&#8221;Barlow Semi Condensed||||||||&#8221; title_font_size=&#8221;18px&#8221; closed_title_font=&#8221;Barlow Semi Condensed||||||||&#8221; body_font=&#8221;Barlow Semi Condensed|300|||||||&#8221; body_text_color=&#8221;#515151&#8243; body_font_size=&#8221;17px&#8221; custom_padding=&#8221;21px|36px|21px|36px|true|true&#8221; hover_enabled=&#8221;0&#8243; border_radii=&#8221;on|6px|6px|6px|6px&#8221; border_color_all=&#8221;RGBA(0,0,0,0)&#8221; body_font_size_last_edited=&#8221;on|phone&#8221; body_font_size_phone=&#8221;14px&#8221; sticky_enabled=&#8221;0&#8243;]<\/p>\n<p>Un <strong>logo<\/strong> ou <strong>logotype<\/strong> est un <strong>symbole<\/strong> qui sert \u00e0 repr\u00e9senter <strong>visuellement<\/strong> une marque, un produit ou encore une entreprise.<\/p>\n<p><strong>L&#8217;identit\u00e9 visuelle<\/strong> est <strong>l&#8217;univers graphique<\/strong> de la marque. Elle est compos\u00e9e du logo mais pas que ! Les <strong>couleurs<\/strong>, <strong>typographies<\/strong>,<strong> motifs<\/strong>, <strong>illustrations<\/strong>, &#8230; sont tout autant d&#8217;\u00e9l\u00e9ments qui la compose.<\/p>\n<p>Ainsi, le logo permet de reconna\u00eetre vite et facilement une marque mais il ne se suffit pas \u00e0 lui m\u00eame pour \u00e9tablir une <strong>image de marque<\/strong>. Il doit vivre au sein d&#8217;un univers graphique pour proposer aux clients une image <strong>coh\u00e9rente<\/strong> et <strong>compr\u00e9hensible<\/strong>.<\/p>\n<p>[\/et_pb_toggle][et_pb_toggle title=&#8221;Qu&#8217;est ce que le motion design ?&#8221; open_toggle_text_color=&#8221;#515151&#8243; open_toggle_background_color=&#8221;#F2D9CF&#8221; closed_toggle_text_color=&#8221;#515151&#8243; closed_toggle_background_color=&#8221;#F2D9CF&#8221; admin_label=&#8221;motion design&#8221; _builder_version=&#8221;4.9.0&#8243; _module_preset=&#8221;default&#8221; title_text_color=&#8221;#515151&#8243; title_level=&#8221;h2&#8243; title_font=&#8221;Barlow Semi Condensed||||||||&#8221; title_font_size=&#8221;18px&#8221; closed_title_font=&#8221;Barlow Semi Condensed||||||||&#8221; body_font=&#8221;Barlow Semi Condensed|300|||||||&#8221; body_text_color=&#8221;#515151&#8243; body_font_size=&#8221;17px&#8221; custom_padding=&#8221;21px|36px|21px|36px|true|true&#8221; hover_enabled=&#8221;0&#8243; border_radii=&#8221;on|6px|6px|6px|6px&#8221; border_color_all=&#8221;RGBA(0,0,0,0)&#8221; body_font_size_last_edited=&#8221;on|phone&#8221; body_font_size_phone=&#8221;14px&#8221; sticky_enabled=&#8221;0&#8243;]<\/p>\n<p>Le <strong>motion design<\/strong> est un style de <strong>vid\u00e9o<\/strong>. Il est compos\u00e9 d&#8217;<strong>\u00e9l\u00e9ments graphiques<\/strong> mis en <strong>mouvement<\/strong> pour raconter une histoire, expliquer un concept, pr\u00e9senter un \u00e9v\u00e8nement, etc&#8230;<\/p>\n<p>C&#8217;est un style tr\u00e8s appr\u00e9ci\u00e9 dans le domaine de la <strong>communication<\/strong> car il permet de faire passer des messages <strong>rapidement<\/strong> et <strong>simplement<\/strong>.\u00a0Aussi il permet de faire de la <strong>vid\u00e9o<\/strong> sans besoin de faire de tournage ce qui facilite sa cr\u00e9ation.<\/p>\n<p>Il apporte beaucoup de <strong>dynamisme<\/strong> \u00e0 la marque qui l&#8217;utilise et permet \u00e0 la cible de garder la marque ne t\u00eate.<\/p>\n<p>[\/et_pb_toggle][et_pb_toggle title=&#8221;Quels sont mes tarifs ?&#8221; open_toggle_text_color=&#8221;#515151&#8243; open_toggle_background_color=&#8221;#FFF6ED&#8221; closed_toggle_text_color=&#8221;#515151&#8243; closed_toggle_background_color=&#8221;#FFF6ED&#8221; admin_label=&#8221;tarifs&#8221; _builder_version=&#8221;4.9.0&#8243; _module_preset=&#8221;default&#8221; title_text_color=&#8221;#515151&#8243; title_level=&#8221;h2&#8243; title_font=&#8221;Barlow Semi Condensed||||||||&#8221; title_font_size=&#8221;18px&#8221; closed_title_font=&#8221;Barlow Semi Condensed||||||||&#8221; body_font=&#8221;Barlow Semi Condensed|300|||||||&#8221; body_text_color=&#8221;#515151&#8243; body_font_size=&#8221;17px&#8221; custom_padding=&#8221;21px|36px|21px|36px|true|true&#8221; hover_enabled=&#8221;0&#8243; border_radii=&#8221;on|6px|6px|6px|6px&#8221; border_color_all=&#8221;RGBA(0,0,0,0)&#8221; body_font_size_last_edited=&#8221;on|phone&#8221; body_font_size_phone=&#8221;14px&#8221; sticky_enabled=&#8221;0&#8243;]<\/p>\n<p>Je n&#8217;ai pas fourni dans mon site mes <strong>tarifs<\/strong> car j&#8217;estime que tous les projets sont diff\u00e9rents et n\u00e9cessitent une tarification diff\u00e9rente.<\/p>\n<p>Les tarifs d\u00e9pendent du temps pass\u00e9 sur le projet, de la visibilit\u00e9 du projet, du nombre de visuels \u00e0 cr\u00e9er, etc &#8230; Ainsi, chaque client aura des demandes bien <strong>specifiques<\/strong> et bien <strong>diff\u00e9rentes<\/strong>. Il est donc difficile d&#8217;afficher un prix ici alors que beaucoup de facteurs entrent en jeu.<\/p>\n<p>Envoyez-moi plut\u00f4t un mail avec vos besoin et je me ferai un plaisir d&#8217;y r\u00e9pondre !\u00a0<img loading=\"lazy\" decoding=\"async\" height=\"16\" width=\"16\" alt=\"????\" src=\"https:\/\/static.xx.fbcdn.net\/images\/emoji.php\/v9\/tf0\/2\/16\/1f603.png\" \/><\/p>\n<p>[\/et_pb_toggle][\/et_pb_column][\/et_pb_row][\/et_pb_section]<\/p>\n","protected":false},"excerpt":{"rendered":"<p>FAQLa r\u00e9ponse \u00e0 votre question se trouve peut-\u00eatre ici ! J&#8217;ai compil\u00e9 dans cette FAQ des questions qui me sont r\u00e9guli\u00e8rement pos\u00e9es sur mon m\u00e9tier de graphiste freelance et sur les services que je propose. Si je ne r\u00e9ponds pas ici \u00e0 votre\/vos question(s), n&#8217;h\u00e9sitez pas \u00e0 me contacter, j&#8217;y r\u00e9pondrai volontier !\u00a0Un graphiste freelance [&hellip;]<\/p>\n","protected":false},"author":1,"featured_media":0,"parent":0,"menu_order":0,"comment_status":"closed","ping_status":"closed","template":"","meta":{"_et_pb_use_builder":"on","_et_pb_old_content":"","_et_gb_content_width":"","footnotes":""},"yoast_head":"<!-- This site is optimized with the Yoast SEO plugin v21.8 - https:\/\/yoast.com\/wordpress\/plugins\/seo\/ -->\n<title>Lucie Flouret - graphiste freelance - FAQ - Posez-moi vos questions !<\/title>\n<meta name=\"description\" content=\"Vous trouverez certainement ici, les r\u00e9ponses \u00e0 vos questions : qu&#039;est-ce qu&#039;un graphiste freelance ? Qu&#039;est-ce que le motion design ?\" \/>\n<meta name=\"robots\" content=\"index, follow, max-snippet:-1, max-image-preview:large, max-video-preview:-1\" \/>\n<link rel=\"canonical\" href=\"https:\/\/www.lucieflouret.com\/index.php\/faq-graphiste-freelance\/\" \/>\n<meta property=\"og:locale\" content=\"en_US\" \/>\n<meta property=\"og:type\" content=\"article\" \/>\n<meta property=\"og:title\" content=\"Lucie Flouret - graphiste freelance - FAQ - Posez-moi vos questions !\" \/>\n<meta property=\"og:description\" content=\"Vous trouverez certainement ici, les r\u00e9ponses \u00e0 vos questions : qu&#039;est-ce qu&#039;un graphiste freelance ? Qu&#039;est-ce que le motion design ?\" \/>\n<meta property=\"og:url\" content=\"https:\/\/www.lucieflouret.com\/index.php\/faq-graphiste-freelance\/\" \/>\n<meta property=\"og:site_name\" content=\"Lucie Flouret\" \/>\n<meta property=\"article:modified_time\" content=\"2021-02-24T09:28:28+00:00\" \/>\n<meta property=\"og:image\" content=\"https:\/\/static.xx.fbcdn.net\/images\/emoji.php\/v9\/tf0\/2\/16\/1f603.png\" \/>\n<meta name=\"twitter:card\" content=\"summary_large_image\" \/>\n<meta name=\"twitter:label1\" content=\"Est. reading time\" \/>\n\t<meta name=\"twitter:data1\" content=\"8 minutes\" \/>\n<script type=\"application\/ld+json\" class=\"yoast-schema-graph\">{\"@context\":\"https:\/\/schema.org\",\"@graph\":[{\"@type\":\"WebPage\",\"@id\":\"https:\/\/www.lucieflouret.com\/index.php\/faq-graphiste-freelance\/\",\"url\":\"https:\/\/www.lucieflouret.com\/index.php\/faq-graphiste-freelance\/\",\"name\":\"Lucie Flouret - graphiste freelance - FAQ - Posez-moi vos questions !\",\"isPartOf\":{\"@id\":\"https:\/\/www.lucieflouret.com\/#website\"},\"datePublished\":\"2020-12-17T17:47:29+00:00\",\"dateModified\":\"2021-02-24T09:28:28+00:00\",\"description\":\"Vous trouverez certainement ici, les r\u00e9ponses \u00e0 vos questions : qu'est-ce qu'un graphiste freelance ? Qu'est-ce que le motion design ?\",\"breadcrumb\":{\"@id\":\"https:\/\/www.lucieflouret.com\/index.php\/faq-graphiste-freelance\/#breadcrumb\"},\"inLanguage\":\"en-US\",\"potentialAction\":[{\"@type\":\"ReadAction\",\"target\":[\"https:\/\/www.lucieflouret.com\/index.php\/faq-graphiste-freelance\/\"]}]},{\"@type\":\"BreadcrumbList\",\"@id\":\"https:\/\/www.lucieflouret.com\/index.php\/faq-graphiste-freelance\/#breadcrumb\",\"itemListElement\":[{\"@type\":\"ListItem\",\"position\":1,\"name\":\"Home\",\"item\":\"https:\/\/www.lucieflouret.com\/\"},{\"@type\":\"ListItem\",\"position\":2,\"name\":\"FAQ\"}]},{\"@type\":\"WebSite\",\"@id\":\"https:\/\/www.lucieflouret.com\/#website\",\"url\":\"https:\/\/www.lucieflouret.com\/\",\"name\":\"Lucie Flouret\",\"description\":\"\",\"potentialAction\":[{\"@type\":\"SearchAction\",\"target\":{\"@type\":\"EntryPoint\",\"urlTemplate\":\"https:\/\/www.lucieflouret.com\/?s={search_term_string}\"},\"query-input\":\"required name=search_term_string\"}],\"inLanguage\":\"en-US\"}]}<\/script>\n<!-- \/ Yoast SEO plugin. -->","yoast_head_json":{"title":"Lucie Flouret - graphiste freelance - FAQ - Posez-moi vos questions !","description":"Vous trouverez certainement ici, les r\u00e9ponses \u00e0 vos questions : qu'est-ce qu'un graphiste freelance ? Qu'est-ce que le motion design ?","robots":{"index":"index","follow":"follow","max-snippet":"max-snippet:-1","max-image-preview":"max-image-preview:large","max-video-preview":"max-video-preview:-1"},"canonical":"https:\/\/www.lucieflouret.com\/index.php\/faq-graphiste-freelance\/","og_locale":"en_US","og_type":"article","og_title":"Lucie Flouret - graphiste freelance - FAQ - Posez-moi vos questions !","og_description":"Vous trouverez certainement ici, les r\u00e9ponses \u00e0 vos questions : qu'est-ce qu'un graphiste freelance ? Qu'est-ce que le motion design ?","og_url":"https:\/\/www.lucieflouret.com\/index.php\/faq-graphiste-freelance\/","og_site_name":"Lucie Flouret","article_modified_time":"2021-02-24T09:28:28+00:00","og_image":[{"url":"https:\/\/static.xx.fbcdn.net\/images\/emoji.php\/v9\/tf0\/2\/16\/1f603.png"}],"twitter_card":"summary_large_image","twitter_misc":{"Est. reading time":"8 minutes"},"schema":{"@context":"https:\/\/schema.org","@graph":[{"@type":"WebPage","@id":"https:\/\/www.lucieflouret.com\/index.php\/faq-graphiste-freelance\/","url":"https:\/\/www.lucieflouret.com\/index.php\/faq-graphiste-freelance\/","name":"Lucie Flouret - graphiste freelance - FAQ - Posez-moi vos questions !","isPartOf":{"@id":"https:\/\/www.lucieflouret.com\/#website"},"datePublished":"2020-12-17T17:47:29+00:00","dateModified":"2021-02-24T09:28:28+00:00","description":"Vous trouverez certainement ici, les r\u00e9ponses \u00e0 vos questions : qu'est-ce qu'un graphiste freelance ? Qu'est-ce que le motion design ?","breadcrumb":{"@id":"https:\/\/www.lucieflouret.com\/index.php\/faq-graphiste-freelance\/#breadcrumb"},"inLanguage":"en-US","potentialAction":[{"@type":"ReadAction","target":["https:\/\/www.lucieflouret.com\/index.php\/faq-graphiste-freelance\/"]}]},{"@type":"BreadcrumbList","@id":"https:\/\/www.lucieflouret.com\/index.php\/faq-graphiste-freelance\/#breadcrumb","itemListElement":[{"@type":"ListItem","position":1,"name":"Home","item":"https:\/\/www.lucieflouret.com\/"},{"@type":"ListItem","position":2,"name":"FAQ"}]},{"@type":"WebSite","@id":"https:\/\/www.lucieflouret.com\/#website","url":"https:\/\/www.lucieflouret.com\/","name":"Lucie Flouret","description":"","potentialAction":[{"@type":"SearchAction","target":{"@type":"EntryPoint","urlTemplate":"https:\/\/www.lucieflouret.com\/?s={search_term_string}"},"query-input":"required name=search_term_string"}],"inLanguage":"en-US"}]}},"_links":{"self":[{"href":"https:\/\/www.lucieflouret.com\/index.php\/wp-json\/wp\/v2\/pages\/396"}],"collection":[{"href":"https:\/\/www.lucieflouret.com\/index.php\/wp-json\/wp\/v2\/pages"}],"about":[{"href":"https:\/\/www.lucieflouret.com\/index.php\/wp-json\/wp\/v2\/types\/page"}],"author":[{"embeddable":true,"href":"https:\/\/www.lucieflouret.com\/index.php\/wp-json\/wp\/v2\/users\/1"}],"replies":[{"embeddable":true,"href":"https:\/\/www.lucieflouret.com\/index.php\/wp-json\/wp\/v2\/comments?post=396"}],"version-history":[{"count":24,"href":"https:\/\/www.lucieflouret.com\/index.php\/wp-json\/wp\/v2\/pages\/396\/revisions"}],"predecessor-version":[{"id":1195,"href":"https:\/\/www.lucieflouret.com\/index.php\/wp-json\/wp\/v2\/pages\/396\/revisions\/1195"}],"wp:attachment":[{"href":"https:\/\/www.lucieflouret.com\/index.php\/wp-json\/wp\/v2\/media?parent=396"}],"curies":[{"name":"wp","href":"https:\/\/api.w.org\/{rel}","templated":true}]}}